{"id":2,"date":"2023-08-24T09:52:21","date_gmt":"2023-08-24T07:52:21","guid":{"rendered":"http:\/\/menyasszonyhirlevel.hu\/?page_id=2"},"modified":"2023-08-30T11:12:08","modified_gmt":"2023-08-30T09:12:08","slug":"ez-egy-minta-oldal","status":"publish","type":"page","link":"http:\/\/menyasszonyhirlevel.hu\/index.php\/ez-egy-minta-oldal\/","title":{"rendered":"Menyasszonyoknak sz\u00e1nt h\u00edrlev\u00e9l \u2013 Az esk\u00fcv\u0151i el\u0151k\u00e9sz\u00fcletek A-t\u00f3l Z-ig."},"content":{"rendered":"\n<p>Az esk\u00fcv\u0151szervez\u00e9s gy\u00f6ny\u00f6r\u0171, de ugyanakkor stresszes id\u0151szak. Szeretn\u00e9d, ha lenne egy hely, ahol minden fontos inform\u00e1ci\u00f3t megtal\u00e1ln\u00e1l, l\u00e9p\u00e9sr\u0151l l\u00e9p\u00e9sre? Akkor a Menyasszony H\u00edrlev\u00e9l neked sz\u00f3l!<\/p>\n\n\n\n<p><strong>Mi\u00e9rt \u00e9rdemes el\u0151fizetned a Menyasszony H\u00edrlev\u00e9lre?<\/strong><\/p>\n\n\n\n<ol class=\"wp-block-list\">\n<li><strong>Gyakorlati Tan\u00e1csok:<\/strong> Tippek, \u00f6tletek \u00e9s tan\u00e1csok, hogy az esk\u00fcv\u0151szervez\u00e9s sim\u00e1n menjen.<\/li>\n\n\n\n<li><strong>Heti friss\u00edt\u00e9sek:<\/strong> Minden h\u00e9ten \u00fajabb \u00e9s \u00fajabb t\u00e9m\u00e1kban mer\u00fcl\u00fcnk el, \u00edgy l\u00e9p\u00e9sr\u0151l l\u00e9p\u00e9sre k\u00eds\u00e9r\u00fcnk el az esk\u00fcv\u0151i napig.<\/li>\n\n\n\n<li><strong>Szem\u00e9lyre szabott tartalmak:<\/strong> Minden h\u00edrlev\u00e9l \u00fagy k\u00e9sz\u00fclt, hogy a legjobban t\u00e1mogasson a felk\u00e9sz\u00fcl\u00e9sben.<\/li>\n\n\n\n<li><strong>Diszkr\u00e9t \u00e9s k\u00e9nyelmes:<\/strong> K\u00f6zvetlen\u00fcl a postafi\u00f3kodba \u00e9rkezik a h\u00edrlev\u00e9l, \u00edgy b\u00e1rhonnan, b\u00e1rmikor hozz\u00e1f\u00e9rhetsz az inform\u00e1ci\u00f3khoz.<\/li>\n\n\n\n<li><strong>Egyszer\u0171 \u00e9s \u00e9rthet\u0151:<\/strong> Nincsenek bonyolult szakkifejez\u00e9sek vagy idegen terminusok.<\/li>\n<\/ol>\n\n\n\n<h3 class=\"wp-block-heading\">Mi\u00e9rt \u00e9rdemes feliratkozni a h\u00edrlevel\u00fcnkre?<\/h3>\n\n\n\n<ol class=\"wp-block-list\">\n<li><strong>Koncentr\u00e1lt Tartalom:<\/strong> E-maileinkben l\u00e9nyegre t\u00f6r\u0151en, k\u00f6zvetlen\u00fcl \u00e9s \u00e9rthet\u0151en kommunik\u00e1lunk. Nincsenek felesleges r\u00e9szek, minden inform\u00e1ci\u00f3 hasznos.<\/li>\n\n\n\n<li><strong>Szem\u00e9lyre Szabott Tan\u00e1csok:<\/strong> Nem csak \u00e1ltal\u00e1nos \u00fatmutat\u00e1sokat adunk. Az e-mailekben tal\u00e1lhat\u00f3 inform\u00e1ci\u00f3kat \u00e9s tan\u00e1csokat szakemberek \u00e1ll\u00edtj\u00e1k \u00f6ssze, akik t\u00f6bb \u00e9vtizedes tapasztalattal rendelkeznek az esk\u00fcv\u0151i szektorban.<\/li>\n\n\n\n<li><strong>Megb\u00edzhat\u00f3 Forr\u00e1s:<\/strong> A k\u00f6z\u00f6ss\u00e9gi m\u00e9dia zaj\u00e1ban sokszor elveszik az \u00e9rt\u00e9kes tartalom. E-maileinket direktben kapod, \u00edgy nem maradsz le semmir\u0151l.<\/li>\n\n\n\n<li><strong>Visszakereshet\u0151:<\/strong> Am\u00edg a k\u00f6z\u00f6ss\u00e9gi m\u00e9di\u00e1s posztok k\u00f6nnyen elt\u0171nnek, az e-mailek a postafi\u00f3kodban maradnak, \u00edgy b\u00e1rmikor visszakereshet\u0151ek \u00e9s \u00fajraolvashat\u00f3ak.<\/li>\n\n\n\n<li><strong>Szak\u00e9rt\u0151i V\u00e9lem\u00e9ny:<\/strong> Nem csak az \u00e9pp aktu\u00e1lis trendekr\u0151l \u00e9s tippekr\u0151l \u00edrunk, hanem m\u00e9lyrehat\u00f3, tartalmas elemz\u00e9seket \u00e9s \u00fatmutat\u00f3kat is adunk, amelyek val\u00f3di \u00e9rt\u00e9ket k\u00e9pviselnek.<\/li>\n\n\n\n<li><strong>K\u00f6lts\u00e9ghat\u00e9kony:<\/strong> Egyetlen h\u00edrlev\u00e9lben is tal\u00e1lhatsz olyan tan\u00e1csot vagy tippet, ami az eg\u00e9sz esk\u00fcv\u0151d menet\u00e9t megk\u00f6nny\u00edtheti vagy gazdag\u00edthatja. \u00c9s mindez csak egy k\u00e1v\u00e9 \u00e1r\u00e1ba ker\u00fcl!<\/li>\n\n\n\n<li><strong>Id\u0151ben \u00c9rtes\u00fclsz:<\/strong> Leg\u00fajabb trendek, akci\u00f3k \u00e9s aj\u00e1nlatok el\u0151sz\u00f6r az e-mailjeinkben jelennek meg. L\u00e9gy a tud\u00e1s \u00e9s az aj\u00e1nlatok \u00e9lvonal\u00e1ban!<\/li>\n\n\n\n<li><strong>Egy \u00c9letment\u0151 Tan\u00e1cs:<\/strong> Soha nem tudhatod, mikor j\u00f6n j\u00f3l egy kis extra seg\u00edts\u00e9g. Lehet, hogy pont az egyik h\u00edrlev\u00e9lben tal\u00e1lod meg azt a tan\u00e1csot, ami egy eg\u00e9sz napot vagy ak\u00e1r t\u00f6bbet ment meg sz\u00e1modra.<\/li>\n\n\n\n<li><strong>M\u00e9rt\u00e9kad\u00f3 Inform\u00e1ci\u00f3:<\/strong> Minden egyes tan\u00e1cs \u00e9s inform\u00e1ci\u00f3 alaposan megfontolt \u00e9s megb\u00edzhat\u00f3. A feliratkoz\u00e1s nemcsak egy e-mail, hanem egy tud\u00e1salap.<\/li>\n<\/ol>\n\n\n\n<p><strong>Mi v\u00e1r r\u00e1d a h\u00edrlevelekben?<\/strong><\/p>\n\n\n\n<ul class=\"wp-block-list\">\n<li>St\u00edlusos \u00f6tletek a nagy napra<\/li>\n\n\n\n<li>P\u00e9nz\u00fcgyi tippek \u00e9s tr\u00fckk\u00f6k<\/li>\n\n\n\n<li>H\u00e1zass\u00e1gi tan\u00e1csad\u00e1s a friss h\u00e1zasoknak<\/li>\n\n\n\n<li>\u00c9s sok m\u00e1s izgalmas t\u00e9ma!<\/li>\n<\/ul>\n\n\n\n<p><strong>Hogyan lehetsz a Menyasszony H\u00edrlev\u00e9l el\u0151fizet\u0151je?<\/strong><\/p>\n\n\n\n<ul class=\"wp-block-list\">\n<li>Csak 990 Ft\/h\u00f3nap az el\u0151fizet\u00e9s d\u00edja.<\/li>\n\n\n\n<li>B\u00e1rmikor lemondhatod az el\u0151fizet\u00e9st, nincsenek rejtett k\u00f6lts\u00e9gek.<\/li>\n\n\n\n<li>P\u00e1r kattint\u00e1ssal m\u00e1r a ti\u00e9d is lehet az \u00f6sszes h\u00edrlev\u00e9l!<\/li>\n<\/ul>\n\n\n\n<p><strong>Csatlakozz hozz\u00e1nk, \u00e9s k\u00e9sz\u00fclj fel a nagy napra a legjobb forr\u00e1sokb\u00f3l!<\/strong><\/p>\n\n\n\n<p>[Tov\u00e1bb az el\u0151fizet\u00e9shez]<\/p>\n\n\n\n<p>Ez egy mintaoldal. Az oldal k\u00fcl\u00f6nb\u00f6zik a bejegyz\u00e9st\u0151l annyiban, hogy az oldal egy \u00e1lland\u00f3 tartalm\u00fa bejegyz\u00e9s, ami &#8211; a legt\u00f6bb sablonn\u00e1l &#8211; a weboldal navig\u00e1ci\u00f3s r\u00e9sz\u00e9ben \u00e1lland\u00f3 helyen van.\nA legt\u00f6bb ember olyan Bemutatkoz\u00f3 oldallal kezd, amelyik bemutatja \u0151t, vagy a tev\u00e9kenys\u00e9g\u00e9t a weboldal l\u00e1togat\u00f3inak. A Bemutatkoz\u00e1s oldal valami ilyesmi lehet:<\/p>\n\n\n\n<blockquote class=\"wp-block-quote is-layout-flow wp-block-quote-is-layout-flow\">\n<p>\u00dcdv\u00f6zlet az Olvas\u00f3knak! Nappal biciklis pizzafut\u00e1r vagyok, \u00e9jszaka pedig egy t\u00f6rekv\u0151 sz\u00edn\u00e9sz-tanonc, ez pedig az \u00e9n weboldalam.<br>Budapesten \u00e9lek \u00e9s van egy csod\u00e1latos n\u00e9met juh\u00e1sz kuty\u00e1m, aki Velorex n\u00e9vre hallgat. Kedvenc kokt\u00e9lom a Pi\u00f1a Colada, de a Mojitot is nagyon kedvelem. (De, az\u00e9rt az igazi ned\u0171: egy b\u00e1rsonyos v\u00f6r\u00f6sbor.)<\/p>\n<\/blockquote>\n\n\n\n<p>\u2026vagy valami eg\u00e9szen m\u00e1s:<\/p>\n\n\n\n<blockquote class=\"wp-block-quote is-layout-flow wp-block-quote-is-layout-flow\">\n<p>Az XYZ Bigy\u00f3 V\u00e1llalatot 1971-ben alap\u00edtott\u00e1k, az\u00f3ta gy\u00e1rtja a legjobb min\u0151s\u00e9g\u0171 bigy\u00f3kat. A c\u00e9g k\u00f6zpontja Budapesten tal\u00e1lhat\u00f3, ahol t\u00f6bb mint 2000 embert foglalkoztatnak, valamint sz\u00e1mos k\u00f6z\u00f6ss\u00e9gi \u00e9s j\u00f3t\u00e9konys\u00e1gi programban is akt\u00edvan r\u00e9sztvesznek.<\/p>\n<\/blockquote>\n\n\n\n<p>\u00daj WordPress felhaszn\u00e1l\u00f3k\u00e9nt a <a href=\"http:\/\/menyasszonyhirlevel.hu\/wp-admin\/\">Vez\u00e9rl\u0151pult<\/a> r\u00e9szre ugorva lehet t\u00f6r\u00f6lni ezt az oldalt, \u00e9s l\u00e9trehozni egy \u00faja oldalt a saj\u00e1t tartalmunk r\u00e9sz\u00e9re. J\u00f3 sz\u00f3rakoz\u00e1st!<\/p>\n","protected":false},"excerpt":{"rendered":"<p>Az esk\u00fcv\u0151szervez\u00e9s gy\u00f6ny\u00f6r\u0171, de ugyanakkor stresszes id\u0151szak. Szeretn\u00e9d, ha lenne egy hely, ahol minden fontos inform\u00e1ci\u00f3t megtal\u00e1ln\u00e1l, l\u00e9p\u00e9sr\u0151l l\u00e9p\u00e9sre? Akkor a Menyasszony H\u00edrlev\u00e9l neked sz\u00f3l! Mi\u00e9rt \u00e9rdemes el\u0151fizetned a Menyasszony&#8230;<\/p>\n","protected":false},"author":1,"featured_media":0,"parent":0,"menu_order":0,"comment_status":"closed","ping_status":"open","template":"","meta":{"footnotes":""},"class_list":["post-2","page","type-page","status-publish","hentry"],"_links":{"self":[{"href":"http:\/\/menyasszonyhirlevel.hu\/index.php\/wp-json\/wp\/v2\/pages\/2","targetHints":{"allow":["GET"]}}],"collection":[{"href":"http:\/\/menyasszonyhirlevel.hu\/index.php\/wp-json\/wp\/v2\/pages"}],"about":[{"href":"http:\/\/menyasszonyhirlevel.hu\/index.php\/wp-json\/wp\/v2\/types\/page"}],"author":[{"embeddable":true,"href":"http:\/\/menyasszonyhirlevel.hu\/index.php\/wp-json\/wp\/v2\/users\/1"}],"replies":[{"embeddable":true,"href":"http:\/\/menyasszonyhirlevel.hu\/index.php\/wp-json\/wp\/v2\/comments?post=2"}],"version-history":[{"count":2,"href":"http:\/\/menyasszonyhirlevel.hu\/index.php\/wp-json\/wp\/v2\/pages\/2\/revisions"}],"predecessor-version":[{"id":9,"href":"http:\/\/menyasszonyhirlevel.hu\/index.php\/wp-json\/wp\/v2\/pages\/2\/revisions\/9"}],"wp:attachment":[{"href":"http:\/\/menyasszonyhirlevel.hu\/index.php\/wp-json\/wp\/v2\/media?parent=2"}],"curies":[{"name":"wp","href":"https:\/\/api.w.org\/{rel}","templated":true}]}}